  {"id":7549,"date":"2021-06-01T13:44:49","date_gmt":"2021-06-01T11:44:49","guid":{"rendered":"https:\/\/www.wendelgroup.com\/laction-de-wendel\/"},"modified":"2026-04-09T11:19:06","modified_gmt":"2026-04-09T09:19:06","slug":"wendel-share","status":"publish","type":"page","link":"https:\/\/www.wendelgroup.com\/en\/investors\/wendel-share\/","title":{"rendered":"Share price"},"content":{"rendered":"\n\n<div\n    data-observer=\"item\"\n    data-animation-type=\"fade\"\n    class=\"module module-cover small\"\n>\n        <div class=\"module-content\">\n        <div class=\"background\">\n            <img decoding=\"async\"\n                src=\"\"\n                alt=\"\"\n            \/>\n        <\/div>\n                <div class=\"grid\">\n            <div class=\"row r-1\">\n                <div class=\"column-10\">\n                    <div class=\"title\">\n                        <h1>Share price<\/h1>\n                                            <\/div>\n                <\/div>\n            <\/div>\n        <\/div>\n    <\/div>\n<\/div>\n\n\n\n\n<div\n    data-observer=\"item\"\n    data-animation-type=\"fade\"\n    class=\"module module-introduction with-margin-top- no-padding- add-bottom-padding-\"\n>\n    <div class=\"module-content\">\n        <div class=\"grid\">\n            <div class=\"row r-1\">\n                <div class=\"column-10\">\n                    <p><iframe loading=\"lazy\" src=\"https:\/\/wendel.symex.be\/finance.html?language=en\" width=\"100%\" height=\"1490\" frameborder=\"0\" scrolling=\"no\" align=\"center\"><\/iframe><\/p>\n\n                <\/div>\n            <\/div>\n        <\/div>\n    <\/div>\n<\/div>\n\n\n<div data-observer=\"item\" data-animation-type=\"fade\" class=\"module module-accordion with-margin-top- no-padding-1 add-bottom-padding-1\" data-module-accordion>\n    <div class=\"module-content\">\n        <div class=\"grid\">\n            <div class=\"row r-1\">\n                                                <div class=\"column-12\">\n                                            <div class=\"accordion-item  \" data-accordion=\"item\">\n                            <div class=\"accordion-item__head\">Share Data<\/div>\n                            <div class=\"accordion-item__content\">\n                                <div class=\"accordion-item__content-inner\">\n                                    \n                                                                                    <div class=\"text-content\">\n                                                <p><strong>Listing market:\u00a0<\/strong>EUROLIST SRD, Compartment A<\/p>\n<p><strong>ISIN code:<\/strong>\u00a0FR0000121204<\/p>\n<p><strong>Bloomberg code:<\/strong>\u00a0MF FP<\/p>\n<p><strong>Reuters code:\u00a0<\/strong>MWDP.PA<\/p>\n<p><strong>Abbreviation:\u00a0<\/strong>MF<\/p>\n<p><strong>CFI :<\/strong>\u00a0ESEUFB<\/p>\n<p><em>(E=Equities \/ S=Shares \/ E=Enhanced voting \/ U=Free \/ F=Fully paid \/ B=Bearer)<\/em><\/p>\n<p><strong>Indices:<\/strong>\u00a0CAC AllShares, CAC Mid 60, Euronext 100, SBF120, STOXX\u00ae Europe, EURO STOXX\u00ae, STOXX\u00ae Europe Private Equity 20, STOXX\u00ae Europe 600, LPX 50, EN Family Business, Stoxx Europe Sustainability, MSCI World &amp; Europe &amp; EAFE ESG Leaders.<\/p>\n<p><strong>Quota:<\/strong>\u00a01 share<\/p>\n<p><strong>PEA<\/strong>\u00a0: Eligible<\/p>\n<p><strong>SRD<\/strong>\u00a0: Eligible<\/p>\n<p><strong>Par value:<\/strong> \u20ac4<\/p>\n<p><strong>Number of shares: <\/strong>42,823,537 as of March 31, 2026<\/p>\n<p><strong>Share capital:\u00a0<\/strong>\u20ac171,294,148 as of December 30, 2025<\/p>\n<p><strong>Number of voting rights<\/strong>*: 63,773,978 as of March 31, 2026<\/p>\n<p><em>(*) Excluding shares without voting rights<\/em><\/p>\n<p><strong>Address <\/strong>:<br \/>\n<strong>Headquarters<\/strong> :<br \/>\n4 rue Paul-C\u00e9zanne<br \/>\n75008 Paris (France)<br \/>\nT\u00e9l. (01) 42 85 30 00 \u2013 Fax : 01 42 80 68 67<\/p>\n<p>SIRET : 572\u00a0174\u00a0035 00079<br \/>\nNAF\u00a0: 7010Z<br \/>\nn\u00b0 de TVA\u00a0intracommunautaire : FR29 572 174 035<\/p>\n<p><strong>Internet:<\/strong>\u00a0<a href=\"https:\/\/www.wendelgroup.com\/\">https:\/\/www.wendelgroup.com<\/a><br \/>\n<strong>E-mail:\u00a0<\/strong><a href=\"mailto:海角大神-IR@wendelgroup.com\">海角大神-IR@wendelgroup.com<\/a><\/p>\n<p><strong>By-laws:<\/strong>\u00a0<a href=\"https:\/\/www.wendelgroup.com\/wp-content\/uploads\/2026\/01\/wendel-by-laws-dated-december-30-2025.pdf\" target=\"_blank\" rel=\"noopener\">Download<\/a><\/p>\n<p><strong>Service Actionnaires Titres Nominatifs : Soci\u00e9t\u00e9 G\u00e9n\u00e9rale<\/strong><\/p>\n<p>To obtain information about your account, please:<\/p>\n<p>&#8211; Contact our operators, Monday to Friday, from 8:30 AM to 6:00 PM (Paris time) at\u00a0<strong>+33 (0)2 51 85 67 89\u00a0<\/strong>(no surcharge; invoiced based on your provider and the country you are calling from)\u00a0; or<\/p>\n<p>&#8211; Write to:<br \/>\nSoci\u00e9t\u00e9 G\u00e9n\u00e9rale<br \/>\nServices aux Emetteurs<br \/>\n32, rue du Champ de Tir<br \/>\nBP 81 236<br \/>\n44312 Nantes Cedex 3<br \/>\nFRANCE<\/p>\n\n                                            <\/div>\n                                        \n                                        \n                                        \n                                                                    <\/div>\n                            <\/div>\n                        <\/div>\n                                            <div class=\"accordion-item  \" data-accordion=\"item\">\n                            <div class=\"accordion-item__head\">Dividends<\/div>\n                            <div class=\"accordion-item__content\">\n                                <div class=\"accordion-item__content-inner\">\n                                    \n                                                                                    <div class=\"text-content\">\n                                                <p class=\"rtecenter\" style=\"text-align: center;\">Dividends (in euro per share)<\/p>\n<p><img decoding=\"async\" class=\"alignnone wp-image-37052 size-full\" src=\"https:\/\/www.wendelgroup.com\/wp-content\/uploads\/2026\/04\/dividendes-en-ad-090426-wend.png\" alt=\"\" width=\"100%\" height=\"1143\" srcset=\"https:\/\/www.wendelgroup.com\/wp-content\/uploads\/2026\/04\/dividendes-en-ad-090426-wend.png 1856w, https:\/\/www.wendelgroup.com\/wp-content\/uploads\/2026\/04\/dividendes-en-ad-090426-wend-300x185.png 300w, https:\/\/www.wendelgroup.com\/wp-content\/uploads\/2026\/04\/dividendes-en-ad-090426-wend-1024x631.png 1024w, https:\/\/www.wendelgroup.com\/wp-content\/uploads\/2026\/04\/dividendes-en-ad-090426-wend-768x473.png 768w, https:\/\/www.wendelgroup.com\/wp-content\/uploads\/2026\/04\/dividendes-en-ad-090426-wend-1536x946.png 1536w\" sizes=\"(max-width: 1856px) 100vw, 1856px\" \/><\/p>\n\n                                            <\/div>\n                                        \n                                        \n                                        \n                                                                    <\/div>\n                            <\/div>\n                        <\/div>\n                                    <\/div>\n            <\/div>\n        <\/div>\n    <\/div>\n<\/div>","protected":false},"excerpt":{"rendered":"","protected":false},"author":1,"featured_media":0,"parent":8681,"menu_order":79,"comment_status":"closed","ping_status":"closed","template":"","meta":{"_acf_changed":false,"_seopress_robots_primary_cat":"","_seopress_titles_title":"","_seopress_titles_desc":"","_seopress_robots_index":"","footnotes":""},"class_list":["post-7549","page","type-page","status-publish","hentry"],"acf":[],"_links":{"self":[{"href":"https:\/\/www.wendelgroup.com\/en\/wp-json\/wp\/v2\/pages\/7549","targetHints":{"allow":["GET"]}}],"collection":[{"href":"https:\/\/www.wendelgroup.com\/en\/wp-json\/wp\/v2\/pages"}],"about":[{"href":"https:\/\/www.wendelgroup.com\/en\/wp-json\/wp\/v2\/types\/page"}],"author":[{"embeddable":true,"href":"https:\/\/www.wendelgroup.com\/en\/wp-json\/wp\/v2\/users\/1"}],"replies":[{"embeddable":true,"href":"https:\/\/www.wendelgroup.com\/en\/wp-json\/wp\/v2\/comments?post=7549"}],"version-history":[{"count":4,"href":"https:\/\/www.wendelgroup.com\/en\/wp-json\/wp\/v2\/pages\/7549\/revisions"}],"predecessor-version":[{"id":37057,"href":"https:\/\/www.wendelgroup.com\/en\/wp-json\/wp\/v2\/pages\/7549\/revisions\/37057"}],"up":[{"embeddable":true,"href":"https:\/\/www.wendelgroup.com\/en\/wp-json\/wp\/v2\/pages\/8681"}],"wp:attachment":[{"href":"https:\/\/www.wendelgroup.com\/en\/wp-json\/wp\/v2\/media?parent=7549"}],"curies":[{"name":"wp","href":"https:\/\/api.w.org\/{rel}","templated":true}]}}