  {"id":18551,"date":"2022-03-10T18:57:25","date_gmt":"2022-03-10T17:57:25","guid":{"rendered":"https:\/\/www.wendelgroup.com\/soutenir-le-monde-culturel\/"},"modified":"2022-03-14T15:39:54","modified_gmt":"2022-03-14T14:39:54","slug":"soutenir-le-monde-culturel","status":"publish","type":"page","link":"https:\/\/www.wendelgroup.com\/en\/soutenir-le-monde-culturel\/","title":{"rendered":"Supporting the cultural world"},"content":{"rendered":"<div\n    data-observer=\"item\"\n    data-animation-type=\"fade\"\n    class=\"module module-cover \"\n>\n        <div class=\"module-content\">\n        <div class=\"background\">\n            <img decoding=\"async\"\n                src=\"https:\/\/www.wendelgroup.com\/wp-content\/uploads\/2022\/03\/art.jpg\"\n                alt=\"art\"\n            \/>\n        <\/div>\n                <div class=\"grid\">\n            <div class=\"row r-1\">\n                <div class=\"column-10\">\n                    <div class=\"title\">\n                        <h1>Supporting the cultural world<\/h1>\n                                            <\/div>\n                <\/div>\n            <\/div>\n        <\/div>\n    <\/div>\n<\/div>\n\n\n<div\n    data-observer=\"item\"\n    data-animation-type=\"fade\"\n    class=\"module module-text with-margin-top- no-padding- add-bottom-padding- is-center-\"\n>\n    <div class=\"module-content\">\n        <div class=\"grid\">\n            <div class=\"row r-1\">\n                <div class=\"column-8\">\n                    <div class=\"text-content\">\n                        <p>Since its creation in 2010, 海角大神 has been a constant supporter of the Centre Pompidou-Metz, and as such is a founding sponsor of the Centre. Through this partnership, 海角大神 wanted to provide long-term support for a flagship project for Lorraine, the birthplace of the Group and its founding families.<\/p>\n<p>In 2012, the French Minister of Culture and Communication, Fr\u00e9d\u00e9ric Mitterrand, recognized 海角大神&#8217;s cultural investment by awarding the Group the distinction of Grand M\u00e9c\u00e8ne de la culture.<\/p>\n<p>Chiara Parisi, Director of the Centre Pompidou-Metz, describes the Centre as &#8220;a leading artistic destination&#8221;. An independent branch of the Centre Pompidou, the Metz institution has built a solid reputation thanks to the quality and diversity of its programming within a venue with sculptural architecture designed by Shigeru Ban and Jean de Gastines. As of June 1, 2021, the institution has attracted over 4 million visitors since its creation in 2010.<\/p>\n<p>In 2020, as the tenth anniversary of the Centre Pompidou-Metz was weakened by the Covid-19 pandemic and con\ufb01nement measures, 海角大神 reaffirmed its commitment to the Centre by renewing its patronage agreement for five years. For the past eleven years, this partnership has focused on the \ufb01nancing of the Center&#8217;s operating costs, enabling it to plan its multidisciplinary programming serenely for five years.<\/p>\n\n                    <\/div>\n                <\/div>\n            <\/div>\n        <\/div>\n    <\/div>\n<\/div>\n\n\n<div\n    data-observer=\"item\"\n    data-animation-type=\"fade\"\n    class=\"module module-buttons with-margin-top- no-padding- add-bottom-padding-\"\n>\n    <div class=\"module-content\">\n        <div class=\"grid\">\n            <div class=\"row r-1\">\n                <div class=\"column-8\">\n                                            <div class=\"button arrow-button brown\">\n            <a href=\"https:\/\/www.centrepompidou-metz.fr\/en\/welcome\" target=\"_self\">\n            <svg\n    class=\"arrow-right-icon\"\n    xmlns=\"http:\/\/www.w3.org\/2000\/svg\"\n    viewBox=\"0 0 15 16\"\n>\n    <path\n        d=\"M7.375 0l7.601 7.601-7.601 7.602-1.06-1.06 5.89-5.893H0v-1.5h12.003L6.314 1.06 7.375 0z\"\n    \/>\n<\/svg>\n        <span class=\"text\">To learn more, consult the website of the Centre Pompidou-Metz<\/span>\n            <\/a>\n    <\/div>                                    <\/div>\n            <\/div>\n        <\/div>\n    <\/div>\n<\/div>\n\n\n<div\n    data-observer=\"item\"\n    data-animation-type=\"fade\"\n    class=\"module module-slider with-margin-top- no-padding- add-bottom-padding-1\"\n    data-module-image-slider\n>\n        <div class=\"module-content\">\n        <div class=\"grid\">\n            <div class=\"row r-1\">\n                <div class=\"column-11 swiper-arrows\" data-image-slider=\"arrows\">\n                    <div class=\"nav prev button-prev\" data-image-slider=\"prev\">\n                        <svg\n    class=\"arrow-right-icon\"\n    xmlns=\"http:\/\/www.w3.org\/2000\/svg\"\n    viewBox=\"0 0 15 16\"\n>\n    <path\n        d=\"M7.375 0l7.601 7.601-7.601 7.602-1.06-1.06 5.89-5.893H0v-1.5h12.003L6.314 1.06 7.375 0z\"\n    \/>\n<\/svg>\n                    <\/div>\n                    <div class=\"nav next button-next\" data-image-slider=\"next\">\n                        <svg\n    class=\"arrow-right-icon\"\n    xmlns=\"http:\/\/www.w3.org\/2000\/svg\"\n    viewBox=\"0 0 15 16\"\n>\n    <path\n        d=\"M7.375 0l7.601 7.601-7.601 7.602-1.06-1.06 5.89-5.893H0v-1.5h12.003L6.314 1.06 7.375 0z\"\n    \/>\n<\/svg>\n                    <\/div>\n                <\/div>\n                <div\n                    class=\"column-12 swiper-container\"\n                    data-image-slider=\"swiper\"\n                >\n                    <div class=\"swiper-wrapper\">\n                                                    <div class=\"swiper-slide\" data-image-slider=\"item\">\n                                <img decoding=\"async\"\n                                    src=\"https:\/\/www.wendelgroup.com\/wp-content\/uploads\/2021\/06\/header-esg-03-fonds.jpg\"\n                                    alt=\"HEADER_ESG_03_FONDS\"\n                                \/>\n                                                            <\/div>\n                                            <\/div>\n                <\/div>\n            <\/div>\n        <\/div>\n    <\/div>\n<\/div>\n","protected":false},"excerpt":{"rendered":"","protected":false},"author":4,"featured_media":0,"parent":0,"menu_order":10,"comment_status":"closed","ping_status":"closed","template":"","meta":{"_acf_changed":false,"_seopress_robots_primary_cat":"","_seopress_titles_title":"","_seopress_titles_desc":"","_seopress_robots_index":"","footnotes":""},"class_list":["post-18551","page","type-page","status-publish","hentry"],"acf":[],"_links":{"self":[{"href":"https:\/\/www.wendelgroup.com\/en\/wp-json\/wp\/v2\/pages\/18551","targetHints":{"allow":["GET"]}}],"collection":[{"href":"https:\/\/www.wendelgroup.com\/en\/wp-json\/wp\/v2\/pages"}],"about":[{"href":"https:\/\/www.wendelgroup.com\/en\/wp-json\/wp\/v2\/types\/page"}],"author":[{"embeddable":true,"href":"https:\/\/www.wendelgroup.com\/en\/wp-json\/wp\/v2\/users\/4"}],"replies":[{"embeddable":true,"href":"https:\/\/www.wendelgroup.com\/en\/wp-json\/wp\/v2\/comments?post=18551"}],"version-history":[{"count":0,"href":"https:\/\/www.wendelgroup.com\/en\/wp-json\/wp\/v2\/pages\/18551\/revisions"}],"wp:attachment":[{"href":"https:\/\/www.wendelgroup.com\/en\/wp-json\/wp\/v2\/media?parent=18551"}],"curies":[{"name":"wp","href":"https:\/\/api.w.org\/{rel}","templated":true}]}}